{"id":237,"date":"2022-11-03T22:44:06","date_gmt":"2022-11-04T01:44:06","guid":{"rendered":"https:\/\/sifrucap.com.br\/?page_id=237"},"modified":"2025-12-16T14:33:09","modified_gmt":"2025-12-16T17:33:09","slug":"boletos","status":"publish","type":"page","link":"https:\/\/sifrucap.com.br\/index.php\/boletos\/","title":{"rendered":"ALTERA\u00c7\u00c3O DE BOLETOS"},"content":{"rendered":"\t\t<div data-elementor-type=\"wp-page\" data-elementor-id=\"237\" class=\"elementor elementor-237\">\n\t\t\t\t\t\t<section class=\"elementor-section elementor-top-section elementor-element elementor-element-b3e26e2 elementor-section-boxed elementor-section-height-default elementor-section-height-default\" data-id=\"b3e26e2\" data-element_type=\"section\" data-e-type=\"section\">\n\t\t\t\t\t\t<div class=\"elementor-container elementor-column-gap-default\">\n\t\t\t\t\t<div class=\"elementor-column elementor-col-100 elementor-top-column elementor-element elementor-element-3418f55\" data-id=\"3418f55\" data-element_type=\"column\" data-e-type=\"column\">\n\t\t\t<div class=\"elementor-widget-wrap\">\n\t\t\t\t\t\t\t<\/div>\n\t\t<\/div>\n\t\t\t\t\t<\/div>\n\t\t<\/section>\n\t\t\t\t<section class=\"elementor-section elementor-top-section elementor-element elementor-element-55e312b elementor-section-boxed elementor-section-height-default elementor-section-height-default\" data-id=\"55e312b\" data-element_type=\"section\" data-e-type=\"section\">\n\t\t\t\t\t\t<div class=\"elementor-container elementor-column-gap-default\">\n\t\t\t\t\t<div class=\"elementor-column elementor-col-50 elementor-top-column elementor-element elementor-element-939e473\" data-id=\"939e473\" data-element_type=\"column\" data-e-type=\"column\">\n\t\t\t<div class=\"elementor-widget-wrap elementor-element-populated\">\n\t\t\t\t\t\t<div class=\"elementor-element elementor-element-3299c70 elementor-widget elementor-widget-text-editor\" data-id=\"3299c70\" data-element_type=\"widget\" data-e-type=\"widget\" data-widget_type=\"text-editor.default\">\n\t\t\t\t<div class=\"elementor-widget-container\">\n\t\t\t\t\t\t\t\t\t<p>Para:<strong> Recursos Humanos\/ Depto. Pessoal<\/strong><\/p><p>Ref: <strong>Contribui\u00e7\u00e3o Retributiva\/Aux\u00edlio Sa\u00fade\/Associativa<\/strong><\/p><p>Pelo bot\u00e3o abaixo \u00e9 poss\u00edvel realizar o <strong>Cadastro<\/strong> de sua empresa junto ao <strong>SIFRUCAP\u00a0<\/strong>ou retificar os valores descontados em folha de pagamento.<\/p><p>Solicitamos que os valores corretos dos descontos em folha sejam informados o mais brevemente poss\u00edvel, com data limite at\u00e9 o dia 5 de cada m\u00eas, pois s\u00e3o necess\u00e1rios dois dias para efetuar o registro\u00a0 e liberar o boleto para posterior pagamento e assim n\u00e3o estarmos alterando o fluxo de caixa da entidade que tem como vencimento dos pagamentos todo dia 10 de cada m\u00eas.<\/p><p><strong>EMPRESAS DE CONTABILIDADE<\/strong> respons\u00e1veis por mais de uma empresa devem escolher a op\u00e7\u00e3o <strong>CONTABILIDADE<\/strong> ao se cadastrar.<\/p>\t\t\t\t\t\t\t\t<\/div>\n\t\t\t\t<\/div>\n\t\t\t\t<div class=\"elementor-element elementor-element-aeb3e1e elementor-align-center elementor-button-info elementor-widget elementor-widget-button\" data-id=\"aeb3e1e\" data-element_type=\"widget\" data-e-type=\"widget\" data-widget_type=\"button.default\">\n\t\t\t\t<div class=\"elementor-widget-container\">\n\t\t\t\t\t\t\t\t\t<div class=\"elementor-button-wrapper\">\n\t\t\t\t\t<a class=\"elementor-button elementor-button-link elementor-size-lg\" href=\"https:\/\/sifrucap.gersin.com.br\/public\/login\">\n\t\t\t\t\t\t<span class=\"elementor-button-content-wrapper\">\n\t\t\t\t\t\t<span class=\"elementor-button-icon\">\n\t\t\t\t<i aria-hidden=\"true\" class=\"far fa-handshake\"><\/i>\t\t\t<\/span>\n\t\t\t\t\t\t\t\t\t<span class=\"elementor-button-text\">Alterar Boleto \/ Cadastrar<\/span>\n\t\t\t\t\t<\/span>\n\t\t\t\t\t<\/a>\n\t\t\t\t<\/div>\n\t\t\t\t\t\t\t\t<\/div>\n\t\t\t\t<\/div>\n\t\t\t\t\t<\/div>\n\t\t<\/div>\n\t\t\t\t<div class=\"elementor-column elementor-col-50 elementor-top-column elementor-element elementor-element-70f2a5d\" data-id=\"70f2a5d\" data-element_type=\"column\" data-e-type=\"column\">\n\t\t\t<div class=\"elementor-widget-wrap elementor-element-populated\">\n\t\t\t\t\t\t<div class=\"elementor-element elementor-element-3936589 elementor-widget__width-initial elementor-widget elementor-widget-image\" data-id=\"3936589\" data-element_type=\"widget\" data-e-type=\"widget\" data-widget_type=\"image.default\">\n\t\t\t\t<div class=\"elementor-widget-container\">\n\t\t\t\t\t\t\t\t\t\t\t\t\t\t\t<img fetchpriority=\"high\" decoding=\"async\" width=\"576\" height=\"1024\" src=\"https:\/\/sifrucap.com.br\/wp-content\/uploads\/2025\/12\/WhatsApp-Image-2025-12-16-at-10.06.18-576x1024.jpeg\" class=\"attachment-large size-large wp-image-2404\" alt=\"\" srcset=\"https:\/\/sifrucap.com.br\/wp-content\/uploads\/2025\/12\/WhatsApp-Image-2025-12-16-at-10.06.18-576x1024.jpeg 576w, https:\/\/sifrucap.com.br\/wp-content\/uploads\/2025\/12\/WhatsApp-Image-2025-12-16-at-10.06.18-169x300.jpeg 169w, https:\/\/sifrucap.com.br\/wp-content\/uploads\/2025\/12\/WhatsApp-Image-2025-12-16-at-10.06.18-768x1365.jpeg 768w, https:\/\/sifrucap.com.br\/wp-content\/uploads\/2025\/12\/WhatsApp-Image-2025-12-16-at-10.06.18-864x1536.jpeg 864w, https:\/\/sifrucap.com.br\/wp-content\/uploads\/2025\/12\/WhatsApp-Image-2025-12-16-at-10.06.18.jpeg 900w\" sizes=\"(max-width: 576px) 100vw, 576px\" \/>\t\t\t\t\t\t\t\t\t\t\t\t\t\t\t<\/div>\n\t\t\t\t<\/div>\n\t\t\t\t\t<\/div>\n\t\t<\/div>\n\t\t\t\t\t<\/div>\n\t\t<\/section>\n\t\t\t\t<\/div>\n\t\t","protected":false},"excerpt":{"rendered":"<p>Para: Recursos Humanos\/ Depto. Pessoal Ref: Contribui\u00e7\u00e3o Retributiva\/Aux\u00edlio Sa\u00fade\/Associativa Pelo bot\u00e3o abaixo \u00e9 poss\u00edvel realizar o Cadastro de sua empresa junto ao SIFRUCAP\u00a0ou retificar os valores descontados em folha de pagamento. Solicitamos que os valores corretos dos descontos em folha sejam informados o mais brevemente poss\u00edvel, com data limite at\u00e9 o dia 5 de cada [&hellip;]<\/p>\n","protected":false},"author":2,"featured_media":0,"parent":0,"menu_order":0,"comment_status":"closed","ping_status":"closed","template":"","meta":{"ocean_post_layout":"full-width","ocean_both_sidebars_style":"","ocean_both_sidebars_content_width":0,"ocean_both_sidebars_sidebars_width":0,"ocean_sidebar":"0","ocean_second_sidebar":"0","ocean_disable_margins":"enable","ocean_add_body_class":"","ocean_shortcode_before_top_bar":"","ocean_shortcode_after_top_bar":"","ocean_shortcode_before_header":"","ocean_shortcode_after_header":"","ocean_has_shortcode":"","ocean_shortcode_after_title":"","ocean_shortcode_before_footer_widgets":"","ocean_shortcode_after_footer_widgets":"","ocean_shortcode_before_footer_bottom":"","ocean_shortcode_after_footer_bottom":"","ocean_display_top_bar":"default","ocean_display_header":"default","ocean_header_style":"","ocean_center_header_left_menu":"0","ocean_custom_header_template":"0","ocean_custom_logo":0,"ocean_custom_retina_logo":0,"ocean_custom_logo_max_width":0,"ocean_custom_logo_tablet_max_width":0,"ocean_custom_logo_mobile_max_width":0,"ocean_custom_logo_max_height":0,"ocean_custom_logo_tablet_max_height":0,"ocean_custom_logo_mobile_max_height":0,"ocean_header_custom_menu":"0","ocean_menu_typo_font_family":"0","ocean_menu_typo_font_subset":"","ocean_menu_typo_font_size":0,"ocean_menu_typo_font_size_tablet":0,"ocean_menu_typo_font_size_mobile":0,"ocean_menu_typo_font_size_unit":"px","ocean_menu_typo_font_weight":"","ocean_menu_typo_font_weight_tablet":"","ocean_menu_typo_font_weight_mobile":"","ocean_menu_typo_transform":"","ocean_menu_typo_transform_tablet":"","ocean_menu_typo_transform_mobile":"","ocean_menu_typo_line_height":0,"ocean_menu_typo_line_height_tablet":0,"ocean_menu_typo_line_height_mobile":0,"ocean_menu_typo_line_height_unit":"","ocean_menu_typo_spacing":0,"ocean_menu_typo_spacing_tablet":0,"ocean_menu_typo_spacing_mobile":0,"ocean_menu_typo_spacing_unit":"","ocean_menu_link_color":"","ocean_menu_link_color_hover":"","ocean_menu_link_color_active":"","ocean_menu_link_background":"","ocean_menu_link_hover_background":"","ocean_menu_link_active_background":"","ocean_menu_social_links_bg":"","ocean_menu_social_hover_links_bg":"","ocean_menu_social_links_color":"","ocean_menu_social_hover_links_color":"","ocean_disable_title":"default","ocean_disable_heading":"default","ocean_post_title":"","ocean_post_subheading":"","ocean_post_title_style":"","ocean_post_title_background_color":"","ocean_post_title_background":0,"ocean_post_title_bg_image_position":"","ocean_post_title_bg_image_attachment":"","ocean_post_title_bg_image_repeat":"","ocean_post_title_bg_image_size":"","ocean_post_title_height":0,"ocean_post_title_bg_overlay":0.5,"ocean_post_title_bg_overlay_color":"","ocean_disable_breadcrumbs":"off","ocean_breadcrumbs_color":"","ocean_breadcrumbs_separator_color":"","ocean_breadcrumbs_links_color":"","ocean_breadcrumbs_links_hover_color":"","ocean_display_footer_widgets":"default","ocean_display_footer_bottom":"default","ocean_custom_footer_template":"0","footnotes":""},"class_list":["post-237","page","type-page","status-publish","hentry","entry"],"_links":{"self":[{"href":"https:\/\/sifrucap.com.br\/index.php\/wp-json\/wp\/v2\/pages\/237","targetHints":{"allow":["GET"]}}],"collection":[{"href":"https:\/\/sifrucap.com.br\/index.php\/wp-json\/wp\/v2\/pages"}],"about":[{"href":"https:\/\/sifrucap.com.br\/index.php\/wp-json\/wp\/v2\/types\/page"}],"author":[{"embeddable":true,"href":"https:\/\/sifrucap.com.br\/index.php\/wp-json\/wp\/v2\/users\/2"}],"replies":[{"embeddable":true,"href":"https:\/\/sifrucap.com.br\/index.php\/wp-json\/wp\/v2\/comments?post=237"}],"version-history":[{"count":59,"href":"https:\/\/sifrucap.com.br\/index.php\/wp-json\/wp\/v2\/pages\/237\/revisions"}],"predecessor-version":[{"id":2416,"href":"https:\/\/sifrucap.com.br\/index.php\/wp-json\/wp\/v2\/pages\/237\/revisions\/2416"}],"wp:attachment":[{"href":"https:\/\/sifrucap.com.br\/index.php\/wp-json\/wp\/v2\/media?parent=237"}],"curies":[{"name":"wp","href":"https:\/\/api.w.org\/{rel}","templated":true}]}}